{"id":1640,"date":"2017-07-23T17:02:56","date_gmt":"2017-07-23T17:02:56","guid":{"rendered":"http:\/\/www.taastuvenergeetika.ee\/?page_id=1640\/"},"modified":"2021-07-06T11:59:12","modified_gmt":"2021-07-06T11:59:12","slug":"members","status":"publish","type":"page","link":"https:\/\/www.taastuvenergeetika.ee\/en\/members\/","title":{"rendered":"Members"},"content":{"rendered":"<p>[vc_row][vc_column width=&#8221;2\/3&#8243;][vc_column_text]<\/p>\n<div id=\"box01\">\n<div id=\"box02\">\n<div id=\"header01\">\n<div id=\"lang_sel_list\">\n<h3>Members<\/h3>\n<\/div>\n<\/div>\n<div class=\"clear\">\n<div class=\"col col01 content\">\n<div id=\"box03\" class=\"clear\">\n<div class=\"w100p\">\n<div id=\"post-245\" class=\"post-245 page type-page status-publish hentry\">\n<div class=\"entry-content\">\n<p><strong>1. Gren Eesti AS<\/strong><br \/>\n<a href=\"https:\/\/gren.com\/ee\/\" target=\"_blank\" rel=\"noopener\"><img loading=\"lazy\" decoding=\"async\" class=\"size-full wp-image-1964 alignright\" src=\"http:\/\/www.taastuvenergeetika.ee\/wp-content\/uploads\/2021\/07\/Gren.png\" alt=\"\" width=\"156\" height=\"72\" \/><\/a><br \/>\nAddress: S\u00f5bra 54\/1, Tartu, 50106<br \/>\nContact: Margo K\u00fclaots<br \/>\n<a href=\"mailto:info.tartu@gren.ee\">info.tartu@gren.ee<\/a><\/p>\n<p><a href=\"https:\/\/www.facebook.com\/GrenEesti\" target=\"_blank\" rel=\"noopener\"><img loading=\"lazy\" decoding=\"async\" class=\"alignnone wp-image-1349\" src=\"http:\/\/www.taastuvenergeetika.ee\/wp-content\/uploads\/2016\/11\/fb-art-75x75.png\" width=\"30\" height=\"30\" srcset=\"https:\/\/www.taastuvenergeetika.ee\/wp-content\/uploads\/2016\/11\/fb-art-75x75.png 75w, https:\/\/www.taastuvenergeetika.ee\/wp-content\/uploads\/2016\/11\/fb-art-150x150.png 150w, https:\/\/www.taastuvenergeetika.ee\/wp-content\/uploads\/2016\/11\/fb-art.png 250w\" sizes=\"(max-width: 30px) 100vw, 30px\" \/><\/a><\/p>\n<p><strong>2. O\u00dc Utilitas Tallinna Elektrijaam<\/strong><br \/>\n<a href=\"https:\/\/www.utilitas.ee\/\" target=\"_blank\" rel=\"noopener\"><img loading=\"lazy\" decoding=\"async\" class=\"alignright wp-image-1365\" src=\"http:\/\/www.taastuvenergeetika.ee\/wp-content\/uploads\/2016\/11\/utilitas-150x150.jpg\" width=\"150\" height=\"150\" srcset=\"https:\/\/www.taastuvenergeetika.ee\/wp-content\/uploads\/2016\/11\/utilitas-150x150.jpg 150w, https:\/\/www.taastuvenergeetika.ee\/wp-content\/uploads\/2016\/11\/utilitas-75x75.jpg 75w, https:\/\/www.taastuvenergeetika.ee\/wp-content\/uploads\/2016\/11\/utilitas.jpg 250w\" sizes=\"(max-width: 150px) 100vw, 150px\" \/><\/a><br \/>\nAddress: Tooma tn 14\/V\u00e4omurru tn 1, Tallinn, 11415<br \/>\nContact: Andres Taukar<br \/>\n<a href=\"mailto:elektrijaam@utilitas.ee\">elektrijaam@utilitas.ee<\/a><\/p>\n<p><strong><a href=\"https:\/\/www.facebook.com\/utilitasenergia\/?fref=ts\" target=\"_blank\" rel=\"noopener\"><img loading=\"lazy\" decoding=\"async\" class=\"alignnone wp-image-1349\" src=\"http:\/\/www.taastuvenergeetika.ee\/wp-content\/uploads\/2016\/11\/fb-art.png\" width=\"30\" height=\"30\" srcset=\"https:\/\/www.taastuvenergeetika.ee\/wp-content\/uploads\/2016\/11\/fb-art.png 250w, https:\/\/www.taastuvenergeetika.ee\/wp-content\/uploads\/2016\/11\/fb-art-150x150.png 150w, https:\/\/www.taastuvenergeetika.ee\/wp-content\/uploads\/2016\/11\/fb-art-75x75.png 75w\" sizes=\"(max-width: 30px) 100vw, 30px\" \/><\/a><\/strong><\/p>\n<p><strong>3. O\u00dc Graanul Energia<\/strong><br \/>\n<a href=\"https:\/\/graanulinvest.com\/et\/\" target=\"_blank\" rel=\"noopener\"><img loading=\"lazy\" decoding=\"async\" class=\"alignright wp-image-1362\" src=\"http:\/\/www.taastuvenergeetika.ee\/wp-content\/uploads\/2016\/11\/graanul.jpg\" width=\"150\" height=\"150\" srcset=\"https:\/\/www.taastuvenergeetika.ee\/wp-content\/uploads\/2016\/11\/graanul.jpg 250w, https:\/\/www.taastuvenergeetika.ee\/wp-content\/uploads\/2016\/11\/graanul-150x150.jpg 150w, https:\/\/www.taastuvenergeetika.ee\/wp-content\/uploads\/2016\/11\/graanul-75x75.jpg 75w\" sizes=\"(max-width: 150px) 100vw, 150px\" \/><\/a><br \/>\nAddress: Humala 2, Tallinn, 10618<br \/>\nContact: Raul Kirjanen<br \/>\n<a href=\"mailto:info@graanulinvest.com\">info@graanulinvest.com<\/a><\/p>\n<p><strong>4. MT\u00dc Eesti J\u00f5ujaamade ja Kaugk\u00fctte \u00dching<\/strong><br \/>\n<a href=\"http:\/\/www.epha.ee\" target=\"_blank\" rel=\"noopener\"><img loading=\"lazy\" decoding=\"async\" class=\"alignright wp-image-1378\" src=\"http:\/\/www.taastuvenergeetika.ee\/wp-content\/uploads\/2016\/11\/Logo2.jpg\" width=\"200\" height=\"26\" srcset=\"https:\/\/www.taastuvenergeetika.ee\/wp-content\/uploads\/2016\/11\/Logo2.jpg 405w, https:\/\/www.taastuvenergeetika.ee\/wp-content\/uploads\/2016\/11\/Logo2-300x39.jpg 300w, https:\/\/www.taastuvenergeetika.ee\/wp-content\/uploads\/2016\/11\/Logo2-390x52.jpg 390w\" sizes=\"(max-width: 200px) 100vw, 200px\" \/><\/a><br \/>\nAddress: Maakri 19\/1, Tallinn, 10145<br \/>\nContact: Siim Umbleja<br \/>\n<a href=\"mailto:epha@epha.ee\">epha@epha.ee<\/a><\/p>\n<p><a href=\"https:\/\/www.facebook.com\/kaugkute\" target=\"_blank\" rel=\"noopener\"><img loading=\"lazy\" decoding=\"async\" class=\"alignnone wp-image-1349\" src=\"http:\/\/www.taastuvenergeetika.ee\/wp-content\/uploads\/2016\/11\/fb-art.png\" width=\"30\" height=\"30\" srcset=\"https:\/\/www.taastuvenergeetika.ee\/wp-content\/uploads\/2016\/11\/fb-art.png 250w, https:\/\/www.taastuvenergeetika.ee\/wp-content\/uploads\/2016\/11\/fb-art-150x150.png 150w, https:\/\/www.taastuvenergeetika.ee\/wp-content\/uploads\/2016\/11\/fb-art-75x75.png 75w\" sizes=\"(max-width: 30px) 100vw, 30px\" \/><\/a><\/p>\n<p><strong>5. MT\u00dc Eesti Tuuleenergia Assotsiatsioon<br \/>\n<\/strong><a href=\"http:\/\/www.tuuleenergia.ee\" target=\"_blank\" rel=\"noopener\"><img loading=\"lazy\" decoding=\"async\" class=\"alignright wp-image-1359\" src=\"http:\/\/www.taastuvenergeetika.ee\/wp-content\/uploads\/2016\/11\/ETEA_EST_suur_ekraanil-01.jpg\" width=\"150\" height=\"150\" srcset=\"https:\/\/www.taastuvenergeetika.ee\/wp-content\/uploads\/2016\/11\/ETEA_EST_suur_ekraanil-01.jpg 250w, https:\/\/www.taastuvenergeetika.ee\/wp-content\/uploads\/2016\/11\/ETEA_EST_suur_ekraanil-01-150x150.jpg 150w, https:\/\/www.taastuvenergeetika.ee\/wp-content\/uploads\/2016\/11\/ETEA_EST_suur_ekraanil-01-75x75.jpg 75w\" sizes=\"(max-width: 150px) 100vw, 150px\" \/><\/a><br \/>\nAddress: Lelle 22, Tallinn, 11314<br \/>\nContact: Terje Talv<br \/>\n<a href=\"mailto:info@tuuleenergia.ee\">info@tuuleenergia.ee<\/a><\/p>\n<p><a href=\"https:\/\/www.facebook.com\/tuuleenergia\/?fref=ts\" target=\"_blank\" rel=\"noopener\"><img loading=\"lazy\" decoding=\"async\" class=\"alignnone wp-image-1349\" src=\"http:\/\/www.taastuvenergeetika.ee\/wp-content\/uploads\/2016\/11\/fb-art.png\" width=\"30\" height=\"30\" srcset=\"https:\/\/www.taastuvenergeetika.ee\/wp-content\/uploads\/2016\/11\/fb-art.png 250w, https:\/\/www.taastuvenergeetika.ee\/wp-content\/uploads\/2016\/11\/fb-art-150x150.png 150w, https:\/\/www.taastuvenergeetika.ee\/wp-content\/uploads\/2016\/11\/fb-art-75x75.png 75w\" sizes=\"(max-width: 30px) 100vw, 30px\" \/><\/a><\/p>\n<p><strong>6. MT\u00dc Eesti Biogaasi Assotsiatsioon<\/strong><br \/>\n<a href=\"http:\/\/eestibiogaas.ee\" target=\"_blank\" rel=\"noopener\"><img loading=\"lazy\" decoding=\"async\" class=\"alignright wp-image-1373 size-thumbnail\" src=\"http:\/\/www.taastuvenergeetika.ee\/wp-content\/uploads\/2016\/11\/biogaas-150x150.png\" width=\"150\" height=\"150\" srcset=\"https:\/\/www.taastuvenergeetika.ee\/wp-content\/uploads\/2016\/11\/biogaas-150x150.png 150w, https:\/\/www.taastuvenergeetika.ee\/wp-content\/uploads\/2016\/11\/biogaas-75x75.png 75w, https:\/\/www.taastuvenergeetika.ee\/wp-content\/uploads\/2016\/11\/biogaas.png 240w\" sizes=\"(max-width: 150px) 100vw, 150px\" \/><\/a><br \/>\nAddress: L\u00f5\u00f5tsa 2B, Tallinn, 11415<br \/>\nContact: Henry Uljas<br \/>\n<a href=\"info@eestibiogaas.ee\">info@eestibiogaas.ee<\/a><\/p>\n<p><a href=\"https:\/\/www.facebook.com\/eestibiogaasiassotsiatsioon\/\" target=\"_blank\" rel=\"noopener\"><img loading=\"lazy\" decoding=\"async\" class=\"alignnone wp-image-1349\" src=\"http:\/\/www.taastuvenergeetika.ee\/wp-content\/uploads\/2016\/11\/fb-art.png\" width=\"30\" height=\"30\" srcset=\"https:\/\/www.taastuvenergeetika.ee\/wp-content\/uploads\/2016\/11\/fb-art.png 250w, https:\/\/www.taastuvenergeetika.ee\/wp-content\/uploads\/2016\/11\/fb-art-150x150.png 150w, https:\/\/www.taastuvenergeetika.ee\/wp-content\/uploads\/2016\/11\/fb-art-75x75.png 75w\" sizes=\"(max-width: 30px) 100vw, 30px\" \/><\/a><\/p>\n<p><strong>7. MT\u00dc Eesti Veskivaramu<\/strong><br \/>\n<a href=\"http:\/\/www.veskivaramu.ee\" target=\"_blank\" rel=\"noopener\"><img loading=\"lazy\" decoding=\"async\" class=\"alignright wp-image-1361\" src=\"http:\/\/www.taastuvenergeetika.ee\/wp-content\/uploads\/2016\/11\/veskivaramu.jpg\" width=\"150\" height=\"150\" srcset=\"https:\/\/www.taastuvenergeetika.ee\/wp-content\/uploads\/2016\/11\/veskivaramu.jpg 250w, https:\/\/www.taastuvenergeetika.ee\/wp-content\/uploads\/2016\/11\/veskivaramu-150x150.jpg 150w, https:\/\/www.taastuvenergeetika.ee\/wp-content\/uploads\/2016\/11\/veskivaramu-75x75.jpg 75w\" sizes=\"(max-width: 150px) 100vw, 150px\" \/><\/a><br \/>\nAddress: Hellenurme veski, Hellenurme k\u00fcla, Palupera vald, Valgamaa, 67514<br \/>\nContact: Jan Niilo<br \/>\n<a href=\"mailto:info@veskivaramu.ee\">info@veskivaramu.ee<\/a><\/p>\n<p><strong><a href=\"https:\/\/www.facebook.com\/veskivaramu\/?fref=ts\" target=\"_blank\" rel=\"noopener\"><img loading=\"lazy\" decoding=\"async\" class=\"alignnone wp-image-1349\" src=\"http:\/\/www.taastuvenergeetika.ee\/wp-content\/uploads\/2016\/11\/fb-art.png\" width=\"30\" height=\"30\" srcset=\"https:\/\/www.taastuvenergeetika.ee\/wp-content\/uploads\/2016\/11\/fb-art.png 250w, https:\/\/www.taastuvenergeetika.ee\/wp-content\/uploads\/2016\/11\/fb-art-150x150.png 150w, https:\/\/www.taastuvenergeetika.ee\/wp-content\/uploads\/2016\/11\/fb-art-75x75.png 75w\" sizes=\"(max-width: 30px) 100vw, 30px\" \/><\/a><\/strong><\/p>\n<p><strong>8. Eesti P\u00e4ikeseelektri Assotsiatsioon<\/strong><br \/>\n<a href=\"http:\/\/www.epea.ee\" target=\"_blank\" rel=\"noopener\"><img loading=\"lazy\" decoding=\"async\" class=\"alignright size-thumbnail wp-image-1366\" src=\"http:\/\/www.taastuvenergeetika.ee\/wp-content\/uploads\/2016\/11\/epea-150x150.jpg\" alt=\"\" width=\"150\" height=\"150\" srcset=\"https:\/\/www.taastuvenergeetika.ee\/wp-content\/uploads\/2016\/11\/epea-150x150.jpg 150w, https:\/\/www.taastuvenergeetika.ee\/wp-content\/uploads\/2016\/11\/epea-75x75.jpg 75w, https:\/\/www.taastuvenergeetika.ee\/wp-content\/uploads\/2016\/11\/epea.jpg 250w\" sizes=\"(max-width: 150px) 100vw, 150px\" \/><\/a><br \/>\nContact: Andres Meesak<br \/>\n<a href=\"mailto:info@epea.ee\">info@epea.ee<\/a><\/p>\n<p><a href=\"https:\/\/www.facebook.com\/estoniansolarenergy\" target=\"_blank\" rel=\"noopener\"><img loading=\"lazy\" decoding=\"async\" class=\"alignnone wp-image-1349\" src=\"http:\/\/www.taastuvenergeetika.ee\/wp-content\/uploads\/2016\/11\/fb-art.png\" width=\"30\" height=\"30\" srcset=\"https:\/\/www.taastuvenergeetika.ee\/wp-content\/uploads\/2016\/11\/fb-art.png 250w, https:\/\/www.taastuvenergeetika.ee\/wp-content\/uploads\/2016\/11\/fb-art-150x150.png 150w, https:\/\/www.taastuvenergeetika.ee\/wp-content\/uploads\/2016\/11\/fb-art-75x75.png 75w\" sizes=\"(max-width: 30px) 100vw, 30px\" \/><\/a><\/p>\n<\/div>\n<p><strong>9. Toomas Koovit<\/strong><br \/>\n<a href=\"mailto:Toomas@balticpower.eu\">Toomas@balticpower.eu<\/a><\/p>\n<\/div>\n<\/div>\n<\/div>\n<\/div>\n<\/div>\n<\/div>\n<\/div>\n<p>[\/vc_column_text][\/vc_column][vc_column width=&#8221;1\/4&#8243;][vc_widget_sidebar sidebar_id=&#8221;sidebar_custom_2&#8243;][\/vc_column][\/vc_row]<\/p>\n","protected":false},"excerpt":{"rendered":"<p>[vc_row][vc_column width=&#8221;2\/3&#8243;][vc_column_text] Members 1. Gren Eesti AS Address: S\u00f5bra 54\/1, Tartu, 50106 Contact: Margo K\u00fclaots info.tartu@gren.ee 2. O\u00dc Utilitas Tallinna Elektrijaam Address: Tooma tn 14\/V\u00e4omurru tn 1, Tallinn, 11415 Contact: Andres Taukar elektrijaam@utilitas.ee 3. O\u00dc Graanul Energia Address: Humala 2, Tallinn, 10618 Contact: Raul Kirjanen info@graanulinvest.com 4. MT\u00dc Eesti J\u00f5ujaamade ja Kaugk\u00fctte \u00dching Address: Maakri [&hellip;]<\/p>\n","protected":false},"author":1,"featured_media":0,"parent":0,"menu_order":0,"comment_status":"closed","ping_status":"closed","template":"","meta":{"footnotes":""},"class_list":["post-1640","page","type-page","status-publish","hentry"],"yoast_head":"<!-- This site is optimized with the Yoast SEO plugin v23.4 - https:\/\/yoast.com\/wordpress\/plugins\/seo\/ -->\n<title>Members - Eesti Taastuvenergia Koda<\/title>\n<meta name=\"robots\" content=\"index, follow, max-snippet:-1, max-image-preview:large, max-video-preview:-1\" \/>\n<link rel=\"canonical\" href=\"https:\/\/www.taastuvenergeetika.ee\/liikmed\/\" \/>\n<meta property=\"og:locale\" content=\"en_US\" \/>\n<meta property=\"og:type\" content=\"article\" \/>\n<meta property=\"og:title\" content=\"Members - Eesti Taastuvenergia Koda\" \/>\n<meta property=\"og:description\" content=\"[vc_row][vc_column width=&#8221;2\/3&#8243;][vc_column_text] Members 1. Gren Eesti AS Address: S\u00f5bra 54\/1, Tartu, 50106 Contact: Margo K\u00fclaots info.tartu@gren.ee 2. O\u00dc Utilitas Tallinna Elektrijaam Address: Tooma tn 14\/V\u00e4omurru tn 1, Tallinn, 11415 Contact: Andres Taukar elektrijaam@utilitas.ee 3. O\u00dc Graanul Energia Address: Humala 2, Tallinn, 10618 Contact: Raul Kirjanen info@graanulinvest.com 4. MT\u00dc Eesti J\u00f5ujaamade ja Kaugk\u00fctte \u00dching Address: Maakri [&hellip;]\" \/>\n<meta property=\"og:url\" content=\"https:\/\/www.taastuvenergeetika.ee\/liikmed\/\" \/>\n<meta property=\"og:site_name\" content=\"Eesti Taastuvenergia Koda\" \/>\n<meta property=\"article:modified_time\" content=\"2021-07-06T11:59:12+00:00\" \/>\n<meta property=\"og:image\" content=\"http:\/\/www.taastuvenergeetika.ee\/wp-content\/uploads\/2021\/07\/Gren.png\" \/>\n<meta name=\"twitter:card\" content=\"summary_large_image\" \/>\n<meta name=\"twitter:label1\" content=\"Est. reading time\" \/>\n\t<meta name=\"twitter:data1\" content=\"4 minutes\" \/>\n<script type=\"application\/ld+json\" class=\"yoast-schema-graph\">{\"@context\":\"https:\/\/schema.org\",\"@graph\":[{\"@type\":\"WebPage\",\"@id\":\"https:\/\/www.taastuvenergeetika.ee\/liikmed\/\",\"url\":\"https:\/\/www.taastuvenergeetika.ee\/liikmed\/\",\"name\":\"Members - Eesti Taastuvenergia Koda\",\"isPartOf\":{\"@id\":\"https:\/\/www.taastuvenergeetika.ee\/#website\"},\"primaryImageOfPage\":{\"@id\":\"https:\/\/www.taastuvenergeetika.ee\/liikmed\/#primaryimage\"},\"image\":{\"@id\":\"https:\/\/www.taastuvenergeetika.ee\/liikmed\/#primaryimage\"},\"thumbnailUrl\":\"http:\/\/www.taastuvenergeetika.ee\/wp-content\/uploads\/2021\/07\/Gren.png\",\"datePublished\":\"2017-07-23T17:02:56+00:00\",\"dateModified\":\"2021-07-06T11:59:12+00:00\",\"breadcrumb\":{\"@id\":\"https:\/\/www.taastuvenergeetika.ee\/liikmed\/#breadcrumb\"},\"inLanguage\":\"en-US\",\"potentialAction\":[{\"@type\":\"ReadAction\",\"target\":[\"https:\/\/www.taastuvenergeetika.ee\/liikmed\/\"]}]},{\"@type\":\"ImageObject\",\"inLanguage\":\"en-US\",\"@id\":\"https:\/\/www.taastuvenergeetika.ee\/liikmed\/#primaryimage\",\"url\":\"http:\/\/www.taastuvenergeetika.ee\/wp-content\/uploads\/2021\/07\/Gren.png\",\"contentUrl\":\"http:\/\/www.taastuvenergeetika.ee\/wp-content\/uploads\/2021\/07\/Gren.png\"},{\"@type\":\"BreadcrumbList\",\"@id\":\"https:\/\/www.taastuvenergeetika.ee\/liikmed\/#breadcrumb\",\"itemListElement\":[{\"@type\":\"ListItem\",\"position\":1,\"name\":\"Home\",\"item\":\"https:\/\/www.taastuvenergeetika.ee\/\"},{\"@type\":\"ListItem\",\"position\":2,\"name\":\"Members\"}]},{\"@type\":\"WebSite\",\"@id\":\"https:\/\/www.taastuvenergeetika.ee\/#website\",\"url\":\"https:\/\/www.taastuvenergeetika.ee\/\",\"name\":\"Eesti Taastuvenergia Koda\",\"description\":\"\",\"potentialAction\":[{\"@type\":\"SearchAction\",\"target\":{\"@type\":\"EntryPoint\",\"urlTemplate\":\"https:\/\/www.taastuvenergeetika.ee\/?s={search_term_string}\"},\"query-input\":{\"@type\":\"PropertyValueSpecification\",\"valueRequired\":true,\"valueName\":\"search_term_string\"}}],\"inLanguage\":\"en-US\"}]}<\/script>\n<!-- \/ Yoast SEO plugin. -->","yoast_head_json":{"title":"Members - Eesti Taastuvenergia Koda","robots":{"index":"index","follow":"follow","max-snippet":"max-snippet:-1","max-image-preview":"max-image-preview:large","max-video-preview":"max-video-preview:-1"},"canonical":"https:\/\/www.taastuvenergeetika.ee\/liikmed\/","og_locale":"en_US","og_type":"article","og_title":"Members - Eesti Taastuvenergia Koda","og_description":"[vc_row][vc_column width=&#8221;2\/3&#8243;][vc_column_text] Members 1. Gren Eesti AS Address: S\u00f5bra 54\/1, Tartu, 50106 Contact: Margo K\u00fclaots info.tartu@gren.ee 2. O\u00dc Utilitas Tallinna Elektrijaam Address: Tooma tn 14\/V\u00e4omurru tn 1, Tallinn, 11415 Contact: Andres Taukar elektrijaam@utilitas.ee 3. O\u00dc Graanul Energia Address: Humala 2, Tallinn, 10618 Contact: Raul Kirjanen info@graanulinvest.com 4. MT\u00dc Eesti J\u00f5ujaamade ja Kaugk\u00fctte \u00dching Address: Maakri [&hellip;]","og_url":"https:\/\/www.taastuvenergeetika.ee\/liikmed\/","og_site_name":"Eesti Taastuvenergia Koda","article_modified_time":"2021-07-06T11:59:12+00:00","og_image":[{"url":"http:\/\/www.taastuvenergeetika.ee\/wp-content\/uploads\/2021\/07\/Gren.png"}],"twitter_card":"summary_large_image","twitter_misc":{"Est. reading time":"4 minutes"},"schema":{"@context":"https:\/\/schema.org","@graph":[{"@type":"WebPage","@id":"https:\/\/www.taastuvenergeetika.ee\/liikmed\/","url":"https:\/\/www.taastuvenergeetika.ee\/liikmed\/","name":"Members - Eesti Taastuvenergia Koda","isPartOf":{"@id":"https:\/\/www.taastuvenergeetika.ee\/#website"},"primaryImageOfPage":{"@id":"https:\/\/www.taastuvenergeetika.ee\/liikmed\/#primaryimage"},"image":{"@id":"https:\/\/www.taastuvenergeetika.ee\/liikmed\/#primaryimage"},"thumbnailUrl":"http:\/\/www.taastuvenergeetika.ee\/wp-content\/uploads\/2021\/07\/Gren.png","datePublished":"2017-07-23T17:02:56+00:00","dateModified":"2021-07-06T11:59:12+00:00","breadcrumb":{"@id":"https:\/\/www.taastuvenergeetika.ee\/liikmed\/#breadcrumb"},"inLanguage":"en-US","potentialAction":[{"@type":"ReadAction","target":["https:\/\/www.taastuvenergeetika.ee\/liikmed\/"]}]},{"@type":"ImageObject","inLanguage":"en-US","@id":"https:\/\/www.taastuvenergeetika.ee\/liikmed\/#primaryimage","url":"http:\/\/www.taastuvenergeetika.ee\/wp-content\/uploads\/2021\/07\/Gren.png","contentUrl":"http:\/\/www.taastuvenergeetika.ee\/wp-content\/uploads\/2021\/07\/Gren.png"},{"@type":"BreadcrumbList","@id":"https:\/\/www.taastuvenergeetika.ee\/liikmed\/#breadcrumb","itemListElement":[{"@type":"ListItem","position":1,"name":"Home","item":"https:\/\/www.taastuvenergeetika.ee\/"},{"@type":"ListItem","position":2,"name":"Members"}]},{"@type":"WebSite","@id":"https:\/\/www.taastuvenergeetika.ee\/#website","url":"https:\/\/www.taastuvenergeetika.ee\/","name":"Eesti Taastuvenergia Koda","description":"","potentialAction":[{"@type":"SearchAction","target":{"@type":"EntryPoint","urlTemplate":"https:\/\/www.taastuvenergeetika.ee\/?s={search_term_string}"},"query-input":{"@type":"PropertyValueSpecification","valueRequired":true,"valueName":"search_term_string"}}],"inLanguage":"en-US"}]}},"_links":{"self":[{"href":"https:\/\/www.taastuvenergeetika.ee\/en\/wp-json\/wp\/v2\/pages\/1640"}],"collection":[{"href":"https:\/\/www.taastuvenergeetika.ee\/en\/wp-json\/wp\/v2\/pages"}],"about":[{"href":"https:\/\/www.taastuvenergeetika.ee\/en\/wp-json\/wp\/v2\/types\/page"}],"author":[{"embeddable":true,"href":"https:\/\/www.taastuvenergeetika.ee\/en\/wp-json\/wp\/v2\/users\/1"}],"replies":[{"embeddable":true,"href":"https:\/\/www.taastuvenergeetika.ee\/en\/wp-json\/wp\/v2\/comments?post=1640"}],"version-history":[{"count":6,"href":"https:\/\/www.taastuvenergeetika.ee\/en\/wp-json\/wp\/v2\/pages\/1640\/revisions"}],"predecessor-version":[{"id":1978,"href":"https:\/\/www.taastuvenergeetika.ee\/en\/wp-json\/wp\/v2\/pages\/1640\/revisions\/1978"}],"wp:attachment":[{"href":"https:\/\/www.taastuvenergeetika.ee\/en\/wp-json\/wp\/v2\/media?parent=1640"}],"curies":[{"name":"wp","href":"https:\/\/api.w.org\/{rel}","templated":true}]}}